{"id":22217,"date":"2024-07-17T13:56:50","date_gmt":"2024-07-17T11:56:50","guid":{"rendered":"https:\/\/www.meydis.com\/blog\/?page_id=22217"},"modified":"2024-07-22T14:05:36","modified_gmt":"2024-07-22T12:05:36","slug":"presentacion","status":"publish","type":"page","link":"https:\/\/www.meydis.com\/blog\/catalogo\/presentacion\/","title":{"rendered":"Presentaci\u00f3n"},"content":{"rendered":"<div class=\"_df_book df-lite\" id=\"df_22032\"  _slug=\"22032\" data-title=\"presentacion\" wpoptions=\"true\" thumb=\"https:\/\/www.meydis.com\/blog\/wp-content\/uploads\/2024\/07\/00.jpg\" thumbtype=\"\" ><\/div><script class=\"df-shortcode-script\" nowprocket type=\"application\/javascript\">window.option_df_22032 = {\"outline\":[],\"backgroundColor\":\"#ffffff\",\"autoEnableOutline\":\"false\",\"autoEnableThumbnail\":\"false\",\"overwritePDFOutline\":\"false\",\"direction\":\"1\",\"pageSize\":\"0\",\"source\":\"https:\\\/\\\/www.meydis.com\\\/blog\\\/wp-content\\\/uploads\\\/2024\\\/07\\\/Catalogo-Meydis-2024-00-Presentacion.pdf\",\"wpOptions\":\"true\"}; if(window.DFLIP && window.DFLIP.parseBooks){window.DFLIP.parseBooks();}<\/script>\n","protected":false},"excerpt":{"rendered":"","protected":false},"author":10,"featured_media":0,"parent":22106,"menu_order":0,"comment_status":"closed","ping_status":"closed","template":"wp-custom-template-cat-logo","meta":{"footnotes":""},"class_list":["post-22217","page","type-page","status-publish","hentry"],"yoast_head":"<!-- This site is optimized with the Yoast SEO plugin v27.3 - https:\/\/yoast.com\/product\/yoast-seo-wordpress\/ -->\n<title>Presentaci\u00f3n - Blog de Meydis | Estrategias, Comunicaci\u00f3n y Log\u00edstica<\/title>\n<meta name=\"robots\" content=\"index, follow, max-snippet:-1, max-image-preview:large, max-video-preview:-1\" \/>\n<link rel=\"canonical\" href=\"https:\/\/www.meydis.com\/blog\/catalogo\/presentacion\/\" \/>\n<meta property=\"og:locale\" content=\"es_ES\" \/>\n<meta property=\"og:type\" content=\"article\" \/>\n<meta property=\"og:title\" content=\"Presentaci\u00f3n - Blog de Meydis | Estrategias, Comunicaci\u00f3n y Log\u00edstica\" \/>\n<meta property=\"og:url\" content=\"https:\/\/www.meydis.com\/blog\/catalogo\/presentacion\/\" \/>\n<meta property=\"og:site_name\" content=\"Blog de Meydis | Estrategias, Comunicaci\u00f3n y Log\u00edstica\" \/>\n<meta property=\"article:modified_time\" content=\"2024-07-22T12:05:36+00:00\" \/>\n<meta name=\"twitter:card\" content=\"summary_large_image\" \/>\n<meta name=\"twitter:label1\" content=\"Tiempo de lectura\" \/>\n\t<meta name=\"twitter:data1\" content=\"1 minuto\" \/>\n<script type=\"application\/ld+json\" class=\"yoast-schema-graph\">{\"@context\":\"https:\\\/\\\/schema.org\",\"@graph\":[{\"@type\":\"WebPage\",\"@id\":\"https:\\\/\\\/www.meydis.com\\\/blog\\\/catalogo\\\/presentacion\\\/\",\"url\":\"https:\\\/\\\/www.meydis.com\\\/blog\\\/catalogo\\\/presentacion\\\/\",\"name\":\"Presentaci\u00f3n - Blog de Meydis | Estrategias, Comunicaci\u00f3n y Log\u00edstica\",\"isPartOf\":{\"@id\":\"https:\\\/\\\/www.meydis.com\\\/blog\\\/#website\"},\"datePublished\":\"2024-07-17T11:56:50+00:00\",\"dateModified\":\"2024-07-22T12:05:36+00:00\",\"breadcrumb\":{\"@id\":\"https:\\\/\\\/www.meydis.com\\\/blog\\\/catalogo\\\/presentacion\\\/#breadcrumb\"},\"inLanguage\":\"es\",\"potentialAction\":[{\"@type\":\"ReadAction\",\"target\":[\"https:\\\/\\\/www.meydis.com\\\/blog\\\/catalogo\\\/presentacion\\\/\"]}]},{\"@type\":\"BreadcrumbList\",\"@id\":\"https:\\\/\\\/www.meydis.com\\\/blog\\\/catalogo\\\/presentacion\\\/#breadcrumb\",\"itemListElement\":[{\"@type\":\"ListItem\",\"position\":1,\"name\":\"Portada\",\"item\":\"https:\\\/\\\/www.meydis.com\\\/blog\\\/\"},{\"@type\":\"ListItem\",\"position\":2,\"name\":\"Cat\u00e1logo Meydis 2025\",\"item\":\"https:\\\/\\\/www.meydis.com\\\/blog\\\/catalogo\\\/\"},{\"@type\":\"ListItem\",\"position\":3,\"name\":\"Presentaci\u00f3n\"}]},{\"@type\":\"WebSite\",\"@id\":\"https:\\\/\\\/www.meydis.com\\\/blog\\\/#website\",\"url\":\"https:\\\/\\\/www.meydis.com\\\/blog\\\/\",\"name\":\"Meydis blog\",\"description\":\"Descubre las \u00faltimas tendencias y estrategias en marketing directo, comunicaci\u00f3n impresa y log\u00edstica promocional en el blog de Meydis\",\"publisher\":{\"@id\":\"https:\\\/\\\/www.meydis.com\\\/blog\\\/#organization\"},\"potentialAction\":[{\"@type\":\"SearchAction\",\"target\":{\"@type\":\"EntryPoint\",\"urlTemplate\":\"https:\\\/\\\/www.meydis.com\\\/blog\\\/?s={search_term_string}\"},\"query-input\":{\"@type\":\"PropertyValueSpecification\",\"valueRequired\":true,\"valueName\":\"search_term_string\"}}],\"inLanguage\":\"es\"},{\"@type\":\"Organization\",\"@id\":\"https:\\\/\\\/www.meydis.com\\\/blog\\\/#organization\",\"name\":\"Meydis blog\",\"url\":\"https:\\\/\\\/www.meydis.com\\\/blog\\\/\",\"logo\":{\"@type\":\"ImageObject\",\"inLanguage\":\"es\",\"@id\":\"https:\\\/\\\/www.meydis.com\\\/blog\\\/#\\\/schema\\\/logo\\\/image\\\/\",\"url\":\"https:\\\/\\\/www.meydis.com\\\/blog\\\/wp-content\\\/uploads\\\/2024\\\/04\\\/logo-meydis-overlay.webp\",\"contentUrl\":\"https:\\\/\\\/www.meydis.com\\\/blog\\\/wp-content\\\/uploads\\\/2024\\\/04\\\/logo-meydis-overlay.webp\",\"width\":1280,\"height\":357,\"caption\":\"Meydis blog\"},\"image\":{\"@id\":\"https:\\\/\\\/www.meydis.com\\\/blog\\\/#\\\/schema\\\/logo\\\/image\\\/\"},\"sameAs\":[\"https:\\\/\\\/www.instagram.com\\\/meydis_brand_lab\\\/\",\"https:\\\/\\\/es.linkedin.com\\\/company\\\/grupo-meydis\",\"https:\\\/\\\/www.youtube.com\\\/channel\\\/UC_w6Abwryzja0j5MjLHZBpw\"]}]}<\/script>\n<!-- \/ Yoast SEO plugin. -->","yoast_head_json":{"title":"Presentaci\u00f3n - Blog de Meydis | Estrategias, Comunicaci\u00f3n y Log\u00edstica","robots":{"index":"index","follow":"follow","max-snippet":"max-snippet:-1","max-image-preview":"max-image-preview:large","max-video-preview":"max-video-preview:-1"},"canonical":"https:\/\/www.meydis.com\/blog\/catalogo\/presentacion\/","og_locale":"es_ES","og_type":"article","og_title":"Presentaci\u00f3n - Blog de Meydis | Estrategias, Comunicaci\u00f3n y Log\u00edstica","og_url":"https:\/\/www.meydis.com\/blog\/catalogo\/presentacion\/","og_site_name":"Blog de Meydis | Estrategias, Comunicaci\u00f3n y Log\u00edstica","article_modified_time":"2024-07-22T12:05:36+00:00","twitter_card":"summary_large_image","twitter_misc":{"Tiempo de lectura":"1 minuto"},"schema":{"@context":"https:\/\/schema.org","@graph":[{"@type":"WebPage","@id":"https:\/\/www.meydis.com\/blog\/catalogo\/presentacion\/","url":"https:\/\/www.meydis.com\/blog\/catalogo\/presentacion\/","name":"Presentaci\u00f3n - Blog de Meydis | Estrategias, Comunicaci\u00f3n y Log\u00edstica","isPartOf":{"@id":"https:\/\/www.meydis.com\/blog\/#website"},"datePublished":"2024-07-17T11:56:50+00:00","dateModified":"2024-07-22T12:05:36+00:00","breadcrumb":{"@id":"https:\/\/www.meydis.com\/blog\/catalogo\/presentacion\/#breadcrumb"},"inLanguage":"es","potentialAction":[{"@type":"ReadAction","target":["https:\/\/www.meydis.com\/blog\/catalogo\/presentacion\/"]}]},{"@type":"BreadcrumbList","@id":"https:\/\/www.meydis.com\/blog\/catalogo\/presentacion\/#breadcrumb","itemListElement":[{"@type":"ListItem","position":1,"name":"Portada","item":"https:\/\/www.meydis.com\/blog\/"},{"@type":"ListItem","position":2,"name":"Cat\u00e1logo Meydis 2025","item":"https:\/\/www.meydis.com\/blog\/catalogo\/"},{"@type":"ListItem","position":3,"name":"Presentaci\u00f3n"}]},{"@type":"WebSite","@id":"https:\/\/www.meydis.com\/blog\/#website","url":"https:\/\/www.meydis.com\/blog\/","name":"Meydis blog","description":"Descubre las \u00faltimas tendencias y estrategias en marketing directo, comunicaci\u00f3n impresa y log\u00edstica promocional en el blog de Meydis","publisher":{"@id":"https:\/\/www.meydis.com\/blog\/#organization"},"potentialAction":[{"@type":"SearchAction","target":{"@type":"EntryPoint","urlTemplate":"https:\/\/www.meydis.com\/blog\/?s={search_term_string}"},"query-input":{"@type":"PropertyValueSpecification","valueRequired":true,"valueName":"search_term_string"}}],"inLanguage":"es"},{"@type":"Organization","@id":"https:\/\/www.meydis.com\/blog\/#organization","name":"Meydis blog","url":"https:\/\/www.meydis.com\/blog\/","logo":{"@type":"ImageObject","inLanguage":"es","@id":"https:\/\/www.meydis.com\/blog\/#\/schema\/logo\/image\/","url":"https:\/\/www.meydis.com\/blog\/wp-content\/uploads\/2024\/04\/logo-meydis-overlay.webp","contentUrl":"https:\/\/www.meydis.com\/blog\/wp-content\/uploads\/2024\/04\/logo-meydis-overlay.webp","width":1280,"height":357,"caption":"Meydis blog"},"image":{"@id":"https:\/\/www.meydis.com\/blog\/#\/schema\/logo\/image\/"},"sameAs":["https:\/\/www.instagram.com\/meydis_brand_lab\/","https:\/\/es.linkedin.com\/company\/grupo-meydis","https:\/\/www.youtube.com\/channel\/UC_w6Abwryzja0j5MjLHZBpw"]}]}},"_links":{"self":[{"href":"https:\/\/www.meydis.com\/blog\/wp-json\/wp\/v2\/pages\/22217","targetHints":{"allow":["GET"]}}],"collection":[{"href":"https:\/\/www.meydis.com\/blog\/wp-json\/wp\/v2\/pages"}],"about":[{"href":"https:\/\/www.meydis.com\/blog\/wp-json\/wp\/v2\/types\/page"}],"author":[{"embeddable":true,"href":"https:\/\/www.meydis.com\/blog\/wp-json\/wp\/v2\/users\/10"}],"replies":[{"embeddable":true,"href":"https:\/\/www.meydis.com\/blog\/wp-json\/wp\/v2\/comments?post=22217"}],"version-history":[{"count":13,"href":"https:\/\/www.meydis.com\/blog\/wp-json\/wp\/v2\/pages\/22217\/revisions"}],"predecessor-version":[{"id":22399,"href":"https:\/\/www.meydis.com\/blog\/wp-json\/wp\/v2\/pages\/22217\/revisions\/22399"}],"up":[{"embeddable":true,"href":"https:\/\/www.meydis.com\/blog\/wp-json\/wp\/v2\/pages\/22106"}],"wp:attachment":[{"href":"https:\/\/www.meydis.com\/blog\/wp-json\/wp\/v2\/media?parent=22217"}],"curies":[{"name":"wp","href":"https:\/\/api.w.org\/{rel}","templated":true}]}}