{"id":22991,"date":"2026-02-17T11:27:11","date_gmt":"2026-02-17T10:27:11","guid":{"rendered":"https:\/\/www.meydis.com\/blog\/?page_id=22991"},"modified":"2026-02-20T11:59:50","modified_gmt":"2026-02-20T10:59:50","slug":"the-collection","status":"publish","type":"page","link":"https:\/\/www.meydis.com\/blog\/catalogo\/the-collection\/","title":{"rendered":"The Collection by Meydis"},"content":{"rendered":"\n<p>The Collection by Meydis es una selecci\u00f3n curada de merchandising corporativo pensada para marcas que buscan ir m\u00e1s all\u00e1 del producto promocional est\u00e1ndar.<br>No es un cat\u00e1logo al uso, sino una colecci\u00f3n editorial desarrollada desde la mirada de Meydis BrandLab, donde el dise\u00f1o, los materiales, el origen y el uso real del producto forman parte del mensaje de marca.<\/p>\n\n\n\n<p><\/p>\n","protected":false},"excerpt":{"rendered":"<p>The Collection by Meydis es una selecci\u00f3n curada de merchandising corporativo pensada para marcas que buscan ir m\u00e1s all\u00e1 del producto promocional est\u00e1ndar.No es un cat\u00e1logo al uso, sino una colecci\u00f3n editorial desarrollada desde la mirada de Meydis BrandLab, donde el dise\u00f1o, los materiales, el origen y el uso real del producto forman parte del [&hellip;]<\/p>\n","protected":false},"author":1,"featured_media":0,"parent":22106,"menu_order":0,"comment_status":"closed","ping_status":"closed","template":"the-collection","meta":{"footnotes":""},"class_list":["post-22991","page","type-page","status-publish","hentry"],"yoast_head":"<!-- This site is optimized with the Yoast SEO plugin v27.3 - https:\/\/yoast.com\/product\/yoast-seo-wordpress\/ -->\n<title>The Collection<\/title>\n<meta name=\"description\" content=\"merchandising premium \u00b7 colecci\u00f3n curada \u00b7 branding corporativo\" \/>\n<meta name=\"robots\" content=\"index, follow, max-snippet:-1, max-image-preview:large, max-video-preview:-1\" \/>\n<link rel=\"canonical\" href=\"https:\/\/www.meydis.com\/blog\/catalogo\/the-collection\/\" \/>\n<meta property=\"og:locale\" content=\"es_ES\" \/>\n<meta property=\"og:type\" content=\"article\" \/>\n<meta property=\"og:title\" content=\"The Collection\" \/>\n<meta property=\"og:description\" content=\"merchandising premium \u00b7 colecci\u00f3n curada \u00b7 branding corporativo\" \/>\n<meta property=\"og:url\" content=\"https:\/\/www.meydis.com\/blog\/catalogo\/the-collection\/\" \/>\n<meta property=\"og:site_name\" content=\"Blog de Meydis | Estrategias, Comunicaci\u00f3n y Log\u00edstica\" \/>\n<meta property=\"article:modified_time\" content=\"2026-02-20T10:59:50+00:00\" \/>\n<meta name=\"twitter:card\" content=\"summary_large_image\" \/>\n<meta name=\"twitter:label1\" content=\"Tiempo de lectura\" \/>\n\t<meta name=\"twitter:data1\" content=\"1 minuto\" \/>\n<script type=\"application\/ld+json\" class=\"yoast-schema-graph\">{\"@context\":\"https:\\\/\\\/schema.org\",\"@graph\":[{\"@type\":\"WebPage\",\"@id\":\"https:\\\/\\\/www.meydis.com\\\/blog\\\/catalogo\\\/the-collection\\\/\",\"url\":\"https:\\\/\\\/www.meydis.com\\\/blog\\\/catalogo\\\/the-collection\\\/\",\"name\":\"The Collection\",\"isPartOf\":{\"@id\":\"https:\\\/\\\/www.meydis.com\\\/blog\\\/#website\"},\"datePublished\":\"2026-02-17T10:27:11+00:00\",\"dateModified\":\"2026-02-20T10:59:50+00:00\",\"description\":\"merchandising premium \u00b7 colecci\u00f3n curada \u00b7 branding corporativo\",\"breadcrumb\":{\"@id\":\"https:\\\/\\\/www.meydis.com\\\/blog\\\/catalogo\\\/the-collection\\\/#breadcrumb\"},\"inLanguage\":\"es\",\"potentialAction\":[{\"@type\":\"ReadAction\",\"target\":[\"https:\\\/\\\/www.meydis.com\\\/blog\\\/catalogo\\\/the-collection\\\/\"]}]},{\"@type\":\"BreadcrumbList\",\"@id\":\"https:\\\/\\\/www.meydis.com\\\/blog\\\/catalogo\\\/the-collection\\\/#breadcrumb\",\"itemListElement\":[{\"@type\":\"ListItem\",\"position\":1,\"name\":\"Portada\",\"item\":\"https:\\\/\\\/www.meydis.com\\\/blog\\\/\"},{\"@type\":\"ListItem\",\"position\":2,\"name\":\"Cat\u00e1logo Meydis 2025\",\"item\":\"https:\\\/\\\/www.meydis.com\\\/blog\\\/catalogo\\\/\"},{\"@type\":\"ListItem\",\"position\":3,\"name\":\"The Collection by Meydis\"}]},{\"@type\":\"WebSite\",\"@id\":\"https:\\\/\\\/www.meydis.com\\\/blog\\\/#website\",\"url\":\"https:\\\/\\\/www.meydis.com\\\/blog\\\/\",\"name\":\"Meydis blog\",\"description\":\"Descubre las \u00faltimas tendencias y estrategias en marketing directo, comunicaci\u00f3n impresa y log\u00edstica promocional en el blog de Meydis\",\"publisher\":{\"@id\":\"https:\\\/\\\/www.meydis.com\\\/blog\\\/#organization\"},\"potentialAction\":[{\"@type\":\"SearchAction\",\"target\":{\"@type\":\"EntryPoint\",\"urlTemplate\":\"https:\\\/\\\/www.meydis.com\\\/blog\\\/?s={search_term_string}\"},\"query-input\":{\"@type\":\"PropertyValueSpecification\",\"valueRequired\":true,\"valueName\":\"search_term_string\"}}],\"inLanguage\":\"es\"},{\"@type\":\"Organization\",\"@id\":\"https:\\\/\\\/www.meydis.com\\\/blog\\\/#organization\",\"name\":\"Meydis blog\",\"url\":\"https:\\\/\\\/www.meydis.com\\\/blog\\\/\",\"logo\":{\"@type\":\"ImageObject\",\"inLanguage\":\"es\",\"@id\":\"https:\\\/\\\/www.meydis.com\\\/blog\\\/#\\\/schema\\\/logo\\\/image\\\/\",\"url\":\"https:\\\/\\\/www.meydis.com\\\/blog\\\/wp-content\\\/uploads\\\/2024\\\/04\\\/logo-meydis-overlay.webp\",\"contentUrl\":\"https:\\\/\\\/www.meydis.com\\\/blog\\\/wp-content\\\/uploads\\\/2024\\\/04\\\/logo-meydis-overlay.webp\",\"width\":1280,\"height\":357,\"caption\":\"Meydis blog\"},\"image\":{\"@id\":\"https:\\\/\\\/www.meydis.com\\\/blog\\\/#\\\/schema\\\/logo\\\/image\\\/\"},\"sameAs\":[\"https:\\\/\\\/www.instagram.com\\\/meydis_brand_lab\\\/\",\"https:\\\/\\\/es.linkedin.com\\\/company\\\/grupo-meydis\",\"https:\\\/\\\/www.youtube.com\\\/channel\\\/UC_w6Abwryzja0j5MjLHZBpw\"]}]}<\/script>\n<!-- \/ Yoast SEO plugin. -->","yoast_head_json":{"title":"The Collection","description":"merchandising premium \u00b7 colecci\u00f3n curada \u00b7 branding corporativo","robots":{"index":"index","follow":"follow","max-snippet":"max-snippet:-1","max-image-preview":"max-image-preview:large","max-video-preview":"max-video-preview:-1"},"canonical":"https:\/\/www.meydis.com\/blog\/catalogo\/the-collection\/","og_locale":"es_ES","og_type":"article","og_title":"The Collection","og_description":"merchandising premium \u00b7 colecci\u00f3n curada \u00b7 branding corporativo","og_url":"https:\/\/www.meydis.com\/blog\/catalogo\/the-collection\/","og_site_name":"Blog de Meydis | Estrategias, Comunicaci\u00f3n y Log\u00edstica","article_modified_time":"2026-02-20T10:59:50+00:00","twitter_card":"summary_large_image","twitter_misc":{"Tiempo de lectura":"1 minuto"},"schema":{"@context":"https:\/\/schema.org","@graph":[{"@type":"WebPage","@id":"https:\/\/www.meydis.com\/blog\/catalogo\/the-collection\/","url":"https:\/\/www.meydis.com\/blog\/catalogo\/the-collection\/","name":"The Collection","isPartOf":{"@id":"https:\/\/www.meydis.com\/blog\/#website"},"datePublished":"2026-02-17T10:27:11+00:00","dateModified":"2026-02-20T10:59:50+00:00","description":"merchandising premium \u00b7 colecci\u00f3n curada \u00b7 branding corporativo","breadcrumb":{"@id":"https:\/\/www.meydis.com\/blog\/catalogo\/the-collection\/#breadcrumb"},"inLanguage":"es","potentialAction":[{"@type":"ReadAction","target":["https:\/\/www.meydis.com\/blog\/catalogo\/the-collection\/"]}]},{"@type":"BreadcrumbList","@id":"https:\/\/www.meydis.com\/blog\/catalogo\/the-collection\/#breadcrumb","itemListElement":[{"@type":"ListItem","position":1,"name":"Portada","item":"https:\/\/www.meydis.com\/blog\/"},{"@type":"ListItem","position":2,"name":"Cat\u00e1logo Meydis 2025","item":"https:\/\/www.meydis.com\/blog\/catalogo\/"},{"@type":"ListItem","position":3,"name":"The Collection by Meydis"}]},{"@type":"WebSite","@id":"https:\/\/www.meydis.com\/blog\/#website","url":"https:\/\/www.meydis.com\/blog\/","name":"Meydis blog","description":"Descubre las \u00faltimas tendencias y estrategias en marketing directo, comunicaci\u00f3n impresa y log\u00edstica promocional en el blog de Meydis","publisher":{"@id":"https:\/\/www.meydis.com\/blog\/#organization"},"potentialAction":[{"@type":"SearchAction","target":{"@type":"EntryPoint","urlTemplate":"https:\/\/www.meydis.com\/blog\/?s={search_term_string}"},"query-input":{"@type":"PropertyValueSpecification","valueRequired":true,"valueName":"search_term_string"}}],"inLanguage":"es"},{"@type":"Organization","@id":"https:\/\/www.meydis.com\/blog\/#organization","name":"Meydis blog","url":"https:\/\/www.meydis.com\/blog\/","logo":{"@type":"ImageObject","inLanguage":"es","@id":"https:\/\/www.meydis.com\/blog\/#\/schema\/logo\/image\/","url":"https:\/\/www.meydis.com\/blog\/wp-content\/uploads\/2024\/04\/logo-meydis-overlay.webp","contentUrl":"https:\/\/www.meydis.com\/blog\/wp-content\/uploads\/2024\/04\/logo-meydis-overlay.webp","width":1280,"height":357,"caption":"Meydis blog"},"image":{"@id":"https:\/\/www.meydis.com\/blog\/#\/schema\/logo\/image\/"},"sameAs":["https:\/\/www.instagram.com\/meydis_brand_lab\/","https:\/\/es.linkedin.com\/company\/grupo-meydis","https:\/\/www.youtube.com\/channel\/UC_w6Abwryzja0j5MjLHZBpw"]}]}},"_links":{"self":[{"href":"https:\/\/www.meydis.com\/blog\/wp-json\/wp\/v2\/pages\/22991","targetHints":{"allow":["GET"]}}],"collection":[{"href":"https:\/\/www.meydis.com\/blog\/wp-json\/wp\/v2\/pages"}],"about":[{"href":"https:\/\/www.meydis.com\/blog\/wp-json\/wp\/v2\/types\/page"}],"author":[{"embeddable":true,"href":"https:\/\/www.meydis.com\/blog\/wp-json\/wp\/v2\/users\/1"}],"replies":[{"embeddable":true,"href":"https:\/\/www.meydis.com\/blog\/wp-json\/wp\/v2\/comments?post=22991"}],"version-history":[{"count":9,"href":"https:\/\/www.meydis.com\/blog\/wp-json\/wp\/v2\/pages\/22991\/revisions"}],"predecessor-version":[{"id":23088,"href":"https:\/\/www.meydis.com\/blog\/wp-json\/wp\/v2\/pages\/22991\/revisions\/23088"}],"up":[{"embeddable":true,"href":"https:\/\/www.meydis.com\/blog\/wp-json\/wp\/v2\/pages\/22106"}],"wp:attachment":[{"href":"https:\/\/www.meydis.com\/blog\/wp-json\/wp\/v2\/media?parent=22991"}],"curies":[{"name":"wp","href":"https:\/\/api.w.org\/{rel}","templated":true}]}}